{"id":1116,"date":"2022-04-29T04:28:13","date_gmt":"2022-04-29T04:28:13","guid":{"rendered":"https:\/\/medicalanalytics.es\/index.php\/about\/"},"modified":"2025-03-02T12:37:26","modified_gmt":"2025-03-02T12:37:26","slug":"about","status":"publish","type":"page","link":"https:\/\/medicalanalytics.es\/index.php\/about\/","title":{"rendered":"Nosotros"},"content":{"rendered":"\n<div class=\"wp-block-uagb-container uagb-block-45eefa16 alignfull uagb-is-root-container\"><div class=\"uagb-container-inner-blocks-wrap\">\n<div class=\"wp-block-uagb-container uagb-block-8b242bd0\">\n<div class=\"wp-block-uagb-info-box uagb-block-8e47c94b uagb-infobox__content-wrap  uagb-infobox-icon-above-title uagb-infobox-image-valign-top\"><div class=\"uagb-ifb-content\"><div class=\"uagb-ifb-title-wrap\"><h1 class=\"uagb-ifb-title\">\u00bfQui\u00e9nes somos?<\/h1><\/div><p class=\"uagb-ifb-desc\">En Medical Analytics S.L., nos enorgullece presentarte una plataforma innovadora dise\u00f1ada exclusivamente para mantener a los profesionales de la salud a la vanguardia de los \u00faltimos equipos y materiales m\u00e9dicos, veterinarios y odontol\u00f3gicos. Somos un recurso confiable y completo que te mantendr\u00e1 informado y actualizado sobre las \u00faltimas tendencias y avances en tu campo de especializaci\u00f3n.<br>\u00bfQu\u00e9 nos hace diferentes? Nuestro enfoque se basa en la recopilaci\u00f3n y an\u00e1lisis de datos exhaustivos para brindarte una perspectiva profunda y fundamentada sobre los equipos y materiales m\u00e1s novedosos disponibles en el mercado. Con Medical Analytics S.L., podr\u00e1s tomar decisiones informadas y estrat\u00e9gicas para mejorar la calidad de tus servicios y la atenci\u00f3n que brindas a tus pacientes.<br><\/p><div class=\"uagb-ifb-separator\"><\/div><\/div><\/div>\n<\/div>\n<\/div><\/div>\n\n\n\n<div class=\"wp-block-uagb-container uagb-block-f3f21b3e alignfull uagb-is-root-container\"><div class=\"uagb-container-inner-blocks-wrap\">\n<div class=\"wp-block-uagb-container uagb-block-559f71ed\">\n<div class=\"wp-block-uagb-image alignleft uagb-block-3add9511 wp-block-uagb-image--layout-default wp-block-uagb-image--effect-static wp-block-uagb-image--align-left\"><figure class=\"wp-block-uagb-image__figure\"><img decoding=\"async\" srcset=\"https:\/\/medicalanalytics.es\/wp-content\/uploads\/2023\/06\/salud-dental-dentista-dental-medico-1024x683.jpg \" sizes=\"auto, (max-width: 480px) 150px\" src=\"https:\/\/medicalanalytics.es\/wp-content\/uploads\/2023\/06\/salud-dental-dentista-dental-medico-1024x683.jpg\" alt=\"salud dental\" class=\"uag-image-1817\" width=\"1024\" height=\"683\" title=\"\" loading=\"lazy\"\/><\/figure><\/div>\n<\/div>\n\n\n\n<div class=\"wp-block-uagb-container uagb-block-41199b4f\">\n<div class=\"wp-block-uagb-advanced-heading uagb-block-c9d865c5\"><h6 class=\"uagb-heading-text\">\u00bfQu\u00e9 puedes esperar de nuestra plataforma? Te ofrecemos:<\/h6><\/div>\n\n\n\n<div class=\"wp-block-uagb-info-box uagb-block-942b53b4 uagb-infobox__content-wrap  uagb-infobox-icon-above-title uagb-infobox-image-valign-top\"><div class=\"uagb-ifb-content\"><div class=\"uagb-ifb-icon-wrap\"><svg xmlns=\"https:\/\/www.w3.org\/2000\/svg\" viewBox=\"0 0 448 512\"><path d=\"M96 224C84.72 224 74.05 226.3 64 229.9V224c0-35.3 28.7-64 64-64c17.67 0 32-14.33 32-32S145.7 96 128 96C57.42 96 0 153.4 0 224v96c0 53.02 42.98 96 96 96s96-42.98 96-96S149 224 96 224zM352 224c-11.28 0-21.95 2.305-32 5.879V224c0-35.3 28.7-64 64-64c17.67 0 32-14.33 32-32s-14.33-32-32-32c-70.58 0-128 57.42-128 128v96c0 53.02 42.98 96 96 96s96-42.98 96-96S405 224 352 224z\"><\/path><\/svg><\/div><div class=\"uagb-ifb-title-wrap\"><span class=\"uagb-ifb-title-prefix\">En Medical Analytics S.L., estamos comprometidos con tu \u00e9xito y queremos ser tu aliado confiable en el camino hacia la excelencia en tu pr\u00e1ctica. \u00danete a nosotros y s\u00e9 parte de la revoluci\u00f3n de la informaci\u00f3n m\u00e9dica, veterinaria y odontol\u00f3gica.<br><\/span><\/div><div class=\"uagb-ifb-separator\"><\/div><\/div><\/div>\n\n\n\n<div class=\"wp-block-uagb-advanced-heading uagb-block-b6321c4b\"><h6 class=\"uagb-heading-text\">Social Media<\/h6><\/div>\n\n\n\n<div class=\"wp-block-uagb-social-share uagb-social-share__outer-wrap uagb-social-share__layout-horizontal uagb-block-e4424cdf\">\n<div class=\"wp-block-uagb-social-share-child uagb-ss-repeater uagb-ss__wrapper uagb-block-45f80bda\"><a class=\"uagb-ss__link\" data-href=\"https:\/\/www.facebook.com\/sharer.php?u=\" rel=\"noopener noreferrer\"><span class=\"uagb-ss__source-wrap\"><span class=\"uagb-ss__source-icon\"><svg xmlns=\"https:\/\/www.w3.org\/2000\/svg\" viewBox=\"0 0 448 512\"><path d=\"M224.1 141c-63.6 0-114.9 51.3-114.9 114.9s51.3 114.9 114.9 114.9S339 319.5 339 255.9 287.7 141 224.1 141zm0 189.6c-41.1 0-74.7-33.5-74.7-74.7s33.5-74.7 74.7-74.7 74.7 33.5 74.7 74.7-33.6 74.7-74.7 74.7zm146.4-194.3c0 14.9-12 26.8-26.8 26.8-14.9 0-26.8-12-26.8-26.8s12-26.8 26.8-26.8 26.8 12 26.8 26.8zm76.1 27.2c-1.7-35.9-9.9-67.7-36.2-93.9-26.2-26.2-58-34.4-93.9-36.2-37-2.1-147.9-2.1-184.9 0-35.8 1.7-67.6 9.9-93.9 36.1s-34.4 58-36.2 93.9c-2.1 37-2.1 147.9 0 184.9 1.7 35.9 9.9 67.7 36.2 93.9s58 34.4 93.9 36.2c37 2.1 147.9 2.1 184.9 0 35.9-1.7 67.7-9.9 93.9-36.2 26.2-26.2 34.4-58 36.2-93.9 2.1-37 2.1-147.8 0-184.8zM398.8 388c-7.8 19.6-22.9 34.7-42.6 42.6-29.5 11.7-99.5 9-132.1 9s-102.7 2.6-132.1-9c-19.6-7.8-34.7-22.9-42.6-42.6-11.7-29.5-9-99.5-9-132.1s-2.6-102.7 9-132.1c7.8-19.6 22.9-34.7 42.6-42.6 29.5-11.7 99.5-9 132.1-9s102.7-2.6 132.1 9c19.6 7.8 34.7 22.9 42.6 42.6 11.7 29.5 9 99.5 9 132.1s2.7 102.7-9 132.1z\"><\/path><\/svg><\/span><\/span><\/a><\/div>\n\n\n\n<div class=\"wp-block-uagb-social-share-child uagb-ss-repeater uagb-ss__wrapper uagb-block-af316fd9\"><a class=\"uagb-ss__link\" data-href=\"https:\/\/twitter.com\/share?url=\" rel=\"noopener noreferrer\"><span class=\"uagb-ss__source-wrap\"><span class=\"uagb-ss__source-icon\"><svg xmlns=\"https:\/\/www.w3.org\/2000\/svg\" viewBox=\"0 0 512 512\"><path d=\"M504 256C504 119 393 8 256 8S8 119 8 256c0 123.8 90.69 226.4 209.3 245V327.7h-63V256h63v-54.64c0-62.15 37-96.48 93.67-96.48 27.14 0 55.52 4.84 55.52 4.84v61h-31.28c-30.8 0-40.41 19.12-40.41 38.73V256h68.78l-11 71.69h-57.78V501C413.3 482.4 504 379.8 504 256z\"><\/path><\/svg><\/span><\/span><\/a><\/div>\n\n\n\n<div class=\"wp-block-uagb-social-share-child uagb-ss-repeater uagb-ss__wrapper uagb-block-26315a70\"><a class=\"uagb-ss__link\" data-href=\"https:\/\/pinterest.com\/pin\/create\/link\/?url=\" rel=\"noopener noreferrer\"><span class=\"uagb-ss__source-wrap\"><span class=\"uagb-ss__source-icon\"><svg xmlns=\"https:\/\/www.w3.org\/2000\/svg\" viewBox=\"0 0 496 512\"><path d=\"M496 256c0 137-111 248-248 248-25.6 0-50.2-3.9-73.4-11.1 10.1-16.5 25.2-43.5 30.8-65 3-11.6 15.4-59 15.4-59 8.1 15.4 31.7 28.5 56.8 28.5 74.8 0 128.7-68.8 128.7-154.3 0-81.9-66.9-143.2-152.9-143.2-107 0-163.9 71.8-163.9 150.1 0 36.4 19.4 81.7 50.3 96.1 4.7 2.2 7.2 1.2 8.3-3.3 .8-3.4 5-20.3 6.9-28.1 .6-2.5 .3-4.7-1.7-7.1-10.1-12.5-18.3-35.3-18.3-56.6 0-54.7 41.4-107.6 112-107.6 60.9 0 103.6 41.5 103.6 100.9 0 67.1-33.9 113.6-78 113.6-24.3 0-42.6-20.1-36.7-44.8 7-29.5 20.5-61.3 20.5-82.6 0-19-10.2-34.9-31.4-34.9-24.9 0-44.9 25.7-44.9 60.2 0 22 7.4 36.8 7.4 36.8s-24.5 103.8-29 123.2c-5 21.4-3 51.6-.9 71.2C65.4 450.9 0 361.1 0 256 0 119 111 8 248 8s248 111 248 248z\"><\/path><\/svg><\/span><\/span><\/a><\/div>\n\n\n\n<div class=\"wp-block-uagb-social-share-child uagb-ss-repeater uagb-ss__wrapper uagb-block-9cdee108\"><a class=\"uagb-ss__link\" data-href=\"https:\/\/www.linkedin.com\/shareArticle?url=\" rel=\"noopener noreferrer\"><span class=\"uagb-ss__source-wrap\"><span class=\"uagb-ss__source-icon\"><svg xmlns=\"https:\/\/www.w3.org\/2000\/svg\" viewBox=\"0 0 512 512\"><path d=\"M459.4 151.7c.325 4.548 .325 9.097 .325 13.65 0 138.7-105.6 298.6-298.6 298.6-59.45 0-114.7-17.22-161.1-47.11 8.447 .974 16.57 1.299 25.34 1.299 49.06 0 94.21-16.57 130.3-44.83-46.13-.975-84.79-31.19-98.11-72.77 6.498 .974 12.99 1.624 19.82 1.624 9.421 0 18.84-1.3 27.61-3.573-48.08-9.747-84.14-51.98-84.14-102.1v-1.299c13.97 7.797 30.21 12.67 47.43 13.32-28.26-18.84-46.78-51.01-46.78-87.39 0-19.49 5.197-37.36 14.29-52.95 51.65 63.67 129.3 105.3 216.4 109.8-1.624-7.797-2.599-15.92-2.599-24.04 0-57.83 46.78-104.9 104.9-104.9 30.21 0 57.5 12.67 76.67 33.14 23.72-4.548 46.46-13.32 66.6-25.34-7.798 24.37-24.37 44.83-46.13 57.83 21.12-2.273 41.58-8.122 60.43-16.24-14.29 20.79-32.16 39.31-52.63 54.25z\"><\/path><\/svg><\/span><\/span><\/a><\/div>\n\n\n\n<div class=\"wp-block-uagb-social-share-child uagb-ss-repeater uagb-ss__wrapper uagb-block-fb0ac6b6\"><a class=\"uagb-ss__link\" data-href=\"https:\/\/www.linkedin.com\/shareArticle?url=\" rel=\"noopener noreferrer\"><span class=\"uagb-ss__source-wrap\"><span class=\"uagb-ss__source-icon\"><svg xmlns=\"https:\/\/www.w3.org\/2000\/svg\" viewBox=\"0 0 576 512\"><path d=\"M549.7 124.1c-6.281-23.65-24.79-42.28-48.28-48.6C458.8 64 288 64 288 64S117.2 64 74.63 75.49c-23.5 6.322-42 24.95-48.28 48.6-11.41 42.87-11.41 132.3-11.41 132.3s0 89.44 11.41 132.3c6.281 23.65 24.79 41.5 48.28 47.82C117.2 448 288 448 288 448s170.8 0 213.4-11.49c23.5-6.321 42-24.17 48.28-47.82 11.41-42.87 11.41-132.3 11.41-132.3s0-89.44-11.41-132.3zm-317.5 213.5V175.2l142.7 81.21-142.7 81.2z\"><\/path><\/svg><\/span><\/span><\/a><\/div>\n<\/div>\n<\/div>\n<\/div><\/div>\n\n\n\n<div class=\"wp-block-uagb-container uagb-block-99b8c40c alignfull uagb-is-root-container\"><div class=\"uagb-container-inner-blocks-wrap\">\n<div class=\"wp-block-uagb-container uagb-block-f5992636\">\n<div class=\"wp-block-uagb-container uagb-block-4dab1e6b\">\n<div class=\"wp-block-uagb-container uagb-block-55d214d6\">\n<div class=\"wp-block-uagb-advanced-heading uagb-block-91c1d24c\"><h6 class=\"uagb-heading-text\">Nuestra historia<\/h6><\/div>\n<\/div>\n\n\n\n<div class=\"wp-block-uagb-container uagb-block-dcdbee64\">\n<p><\/p>\n\n\n\n<p>&#8220;La historia de Medical Analytics se remonta a su fundaci\u00f3n en el a\u00f1o 2017 por Mirna de la Caridad Mart\u00ednez Abreu en la ciudad de Getafe, Madrid. Desde sus inicios, la visi\u00f3n de la fundadora fue aprovechar las tecnolog\u00edas emergentes para revolucionar el \u00e1mbito de la salud y ofrecer soluciones innovadoras a las cl\u00ednicas y profesionales m\u00e9dicos. Con una pasi\u00f3n incansable por la mejora de la atenci\u00f3n m\u00e9dica, Mirna de la Caridad Mart\u00ednez Abreu lider\u00f3 el crecimiento y el \u00e9xito inicial de Medical Analytics. La empresa se convirti\u00f3 r\u00e1pidamente en un referente en el campo de la comercializaci\u00f3n de productos y servicios m\u00e9dicos, proporcionando herramientas y servicios que permit\u00edan a las cl\u00ednicas optimizar sus procesos, mejorar la toma de decisiones y ofrecer una atenci\u00f3n m\u00e1s personalizada a sus pacientes.<\/p>\n\n\n\n<p>A medida que Medical Analytics se consolidaba, en el a\u00f1o 2022 la empresa experiment\u00f3 un emocionante cambio en su liderazgo. La fundadora decidi\u00f3 transferir la responsabilidad a su hijo, Daniel Enrique D\u00edaz Mart\u00ednez, quien asumi\u00f3 el rol de CEO y llev\u00f3 a la compa\u00f1\u00eda hacia nuevos horizontes.<\/p>\n\n\n\n<p>Con la experiencia adquirida trabajando junto a su madre y su visi\u00f3n empresarial, Daniel Enrique D\u00edaz Mart\u00ednez ha continuado el legado de Medical Analytics, impulsando la innovaci\u00f3n y expandiendo su alcance a nivel nacional e internacional. Bajo su liderazgo, la empresa ha ampliado su cat\u00e1logo de soluciones, incorporando tecnolog\u00edas de vanguardia como el aprendizaje autom\u00e1tico, la inteligencia artificial y la anal\u00edtica predictiva para ayudar a las cl\u00ednicas a tomar decisiones m\u00e1s informadas y mejorar la calidad de la atenci\u00f3n m\u00e9dica.<\/p>\n\n\n\n<p>Hoy en d\u00eda, Medical Analytics se enorgullece de su trayectoria de \u00e9xito y de su compromiso continuo con la excelencia en el campo de la comercializaci\u00f3n de productos y servicios m\u00e9dicos. Con un equipo de expertos altamente calificados y una pasi\u00f3n compartida por impulsar la innovaci\u00f3n en la industria de la salud, estamos comprometidos en brindar soluciones personalizadas y de vanguardia que ayuden a las cl\u00ednicas a prosperar en un entorno cada vez m\u00e1s exigente y competitivo. Nos emociona seguir creciendo y colaborar con cl\u00ednicas y profesionales m\u00e9dicos en su b\u00fasqueda de una atenci\u00f3n de calidad y resultados excepcionales. Bienvenidos a Medical Analytics, donde combinamos la ciencia de los datos con el cuidado de la salud para crear un futuro m\u00e1s brillante en la industria m\u00e9dica.<\/p>\n<\/div>\n<\/div>\n<\/div>\n<\/div><\/div>\n\n\n\n<div class=\"wp-block-uagb-container uagb-block-4906d47d alignfull uagb-is-root-container\"><div class=\"uagb-container-inner-blocks-wrap\">\n<div class=\"wp-block-uagb-container uagb-block-f70f2b2a\">\n<div class=\"wp-block-uagb-advanced-heading uagb-block-e71f92a4\"><h4 class=\"uagb-heading-text\">Contacta con nosotros en: info@medicalanalytics.es<\/h4><\/div>\n\n\n\n<div class=\"wp-block-uagb-container uagb-block-51a62581\">\n<div class=\"wp-block-uagb-container uagb-block-ba8e320a\">\n<div class=\"wp-block-uagb-image uagb-block-60aadc2d wp-block-uagb-image--layout-default wp-block-uagb-image--effect-static wp-block-uagb-image--align-none\"><figure class=\"wp-block-uagb-image__figure\"><img decoding=\"async\" srcset=\"https:\/\/medicalanalytics.es\/wp-content\/uploads\/2023\/06\/paciente-mujer-dentista-1-scaled.jpg \" sizes=\"auto, (max-width: 480px) 150px\" src=\"https:\/\/medicalanalytics.es\/wp-content\/uploads\/2023\/06\/paciente-mujer-dentista-1-scaled.jpg\" alt=\"Paciente mujer\" class=\"uag-image-1825\" width=\"2560\" height=\"1706\" title=\"\" loading=\"lazy\"\/><\/figure><\/div>\n<\/div>\n\n\n\n<div class=\"wp-block-uagb-container uagb-block-4f8487f0\">\n<div class=\"wp-block-uagb-image uagb-block-5ddb123e wp-block-uagb-image--layout-default wp-block-uagb-image--effect-static wp-block-uagb-image--align-none\"><figure class=\"wp-block-uagb-image__figure\"><img decoding=\"async\" srcset=\"https:\/\/medicalanalytics.es\/wp-content\/uploads\/2023\/06\/309-scaled.jpg \" sizes=\"auto, (max-width: 480px) 150px\" src=\"https:\/\/medicalanalytics.es\/wp-content\/uploads\/2023\/06\/309-scaled.jpg\" alt=\"Instrumentos\" class=\"uag-image-1823\" width=\"2489\" height=\"1760\" title=\"\" loading=\"lazy\"\/><\/figure><\/div>\n<\/div>\n\n\n\n<div class=\"wp-block-uagb-container uagb-block-4c26bb58\">\n<div class=\"wp-block-uagb-image uagb-block-265c1a46 wp-block-uagb-image--layout-default wp-block-uagb-image--effect-static wp-block-uagb-image--align-none\"><figure class=\"wp-block-uagb-image__figure\"><img decoding=\"async\" srcset=\"https:\/\/medicalanalytics.es\/wp-content\/uploads\/2023\/06\/paciente-mujer-dentista-1024x683.jpg \" sizes=\"auto, (max-width: 480px) 150px\" src=\"https:\/\/medicalanalytics.es\/wp-content\/uploads\/2023\/06\/paciente-mujer-dentista-1024x683.jpg\" alt=\"dentista\" class=\"uag-image-1827\" width=\"1024\" height=\"683\" title=\"\" loading=\"lazy\"\/><\/figure><\/div>\n<\/div>\n<\/div>\n<\/div>\n<\/div><\/div>\n","protected":false},"excerpt":{"rendered":"<p>\u00bfQu\u00e9 puedes esperar de nuestra plataforma? Te ofrecemos: Social Media Nuestra historia &#8220;La historia de Medical Analytics se remonta a su fundaci\u00f3n en el a\u00f1o 2017 por Mirna de la Caridad Mart\u00ednez Abreu en la ciudad de Getafe, Madrid. Desde sus inicios, la visi\u00f3n de la fundadora fue aprovechar las tecnolog\u00edas emergentes para revolucionar el [&hellip;]<\/p>\n","protected":false},"author":1,"featured_media":0,"parent":0,"menu_order":0,"comment_status":"closed","ping_status":"closed","template":"","meta":{"_uag_custom_page_level_css":"","site-sidebar-layout":"no-sidebar","site-content-layout":"page-builder","ast-site-content-layout":"","site-content-style":"default","site-sidebar-style":"default","ast-global-header-display":"","ast-banner-title-visibility":"","ast-main-header-display":"","ast-hfb-above-header-display":"","ast-hfb-below-header-display":"","ast-hfb-mobile-header-display":"","site-post-title":"disabled","ast-breadcrumbs-content":"disabled","ast-featured-img":"disabled","footer-sml-layout":"","theme-transparent-header-meta":"enabled","adv-header-id-meta":"","stick-header-meta":"","header-above-stick-meta":"","header-main-stick-meta":"","header-below-stick-meta":"","astra-migrate-meta-layouts":"default","ast-page-background-enabled":"default","ast-page-background-meta":{"desktop":{"background-color":"var(--ast-global-color-4)","background-image":"","background-repeat":"repeat","background-position":"center center","background-size":"auto","background-attachment":"scroll","background-type":"","background-media":"","overlay-type":"","overlay-color":"","overlay-opacity":"","overlay-gradient":""},"tablet":{"background-color":"","background-image":"","background-repeat":"repeat","background-position":"center center","background-size":"auto","background-attachment":"scroll","background-type":"","background-media":"","overlay-type":"","overlay-color":"","overlay-opacity":"","overlay-gradient":""},"mobile":{"background-color":"","background-image":"","background-repeat":"repeat","background-position":"center center","background-size":"auto","background-attachment":"scroll","background-type":"","background-media":"","overlay-type":"","overlay-color":"","overlay-opacity":"","overlay-gradient":""}},"ast-content-background-meta":{"desktop":{"background-color":"var(--ast-global-color-5)","background-image":"","background-repeat":"repeat","background-position":"center center","background-size":"auto","background-attachment":"scroll","background-type":"","background-media":"","overlay-type":"","overlay-color":"","overlay-opacity":"","overlay-gradient":""},"tablet":{"background-color":"var(--ast-global-color-5)","background-image":"","background-repeat":"repeat","background-position":"center center","background-size":"auto","background-attachment":"scroll","background-type":"","background-media":"","overlay-type":"","overlay-color":"","overlay-opacity":"","overlay-gradient":""},"mobile":{"background-color":"var(--ast-global-color-5)","background-image":"","background-repeat":"repeat","background-position":"center center","background-size":"auto","background-attachment":"scroll","background-type":"","background-media":"","overlay-type":"","overlay-color":"","overlay-opacity":"","overlay-gradient":""}},"footnotes":""},"class_list":["post-1116","page","type-page","status-publish","hentry"],"uagb_featured_image_src":{"full":false,"thumbnail":false,"medium":false,"medium_large":false,"large":false,"1536x1536":false,"2048x2048":false},"uagb_author_info":{"display_name":"medicalanalytics.es","author_link":"https:\/\/medicalanalytics.es\/index.php\/author\/medicalanalytics-es\/"},"uagb_comment_info":0,"uagb_excerpt":"\u00bfQu\u00e9 puedes esperar de nuestra plataforma? Te ofrecemos: Social Media Nuestra historia &#8220;La historia de Medical Analytics se remonta a su fundaci\u00f3n en el a\u00f1o 2017 por Mirna de la Caridad Mart\u00ednez Abreu en la ciudad de Getafe, Madrid. Desde sus inicios, la visi\u00f3n de la fundadora fue aprovechar las tecnolog\u00edas emergentes para revolucionar el&hellip;","_links":{"self":[{"href":"https:\/\/medicalanalytics.es\/index.php\/wp-json\/wp\/v2\/pages\/1116","targetHints":{"allow":["GET"]}}],"collection":[{"href":"https:\/\/medicalanalytics.es\/index.php\/wp-json\/wp\/v2\/pages"}],"about":[{"href":"https:\/\/medicalanalytics.es\/index.php\/wp-json\/wp\/v2\/types\/page"}],"author":[{"embeddable":true,"href":"https:\/\/medicalanalytics.es\/index.php\/wp-json\/wp\/v2\/users\/1"}],"replies":[{"embeddable":true,"href":"https:\/\/medicalanalytics.es\/index.php\/wp-json\/wp\/v2\/comments?post=1116"}],"version-history":[{"count":11,"href":"https:\/\/medicalanalytics.es\/index.php\/wp-json\/wp\/v2\/pages\/1116\/revisions"}],"predecessor-version":[{"id":3642,"href":"https:\/\/medicalanalytics.es\/index.php\/wp-json\/wp\/v2\/pages\/1116\/revisions\/3642"}],"wp:attachment":[{"href":"https:\/\/medicalanalytics.es\/index.php\/wp-json\/wp\/v2\/media?parent=1116"}],"curies":[{"name":"wp","href":"https:\/\/api.w.org\/{rel}","templated":true}]}}